{"id":24338,"date":"2022-09-25T01:02:01","date_gmt":"2022-09-24T23:02:01","guid":{"rendered":"https:\/\/www.beos.net\/?page_id=24338"},"modified":"2026-01-14T13:57:22","modified_gmt":"2026-01-14T12:57:22","slug":"imprint","status":"publish","type":"page","link":"https:\/\/www.beos.net\/en\/imprint","title":{"rendered":"Imprint"},"content":{"rendered":"<section class=\"bb bb-text b-sp-sm b-mx-3xsm\">\n    <div class=\"container\">\n        <div class=\"row\">\n            <div class=\"col-l-6 col-12 offset-l-2  offset-0\">\n                                                                    <p><strong>BEOS AG<\/strong><\/p>\n<p>Kurf\u00fcrstendamm 188<br \/>\n10707 Berlin \u2013 Germany<br \/>\nTel.: +49 30 28 00 99-0<br \/>\nFax: +49 30 28 00 99-66<br \/>\n<a href=\"mailto:info@beos.net\">info@beos.net<\/a><\/p>\n<p>&nbsp;<\/p>\n<p><strong>Vorstand:<\/strong><\/p>\n<p>Hendrik Staiger, Michael Kapler, Christina Sch\u00e4dler, Matthias Schmidt<\/p>\n<p>&nbsp;<\/p>\n<p><strong>Vorsitzender des Aufsichtsrats:<\/strong><\/p>\n<p>Holger Matheis<\/p>\n<p>&nbsp;<\/p>\n<p><strong>Aufsichtsrat:<\/strong><\/p>\n<p>Per Erikson, Christian Schmid<\/p>\n<p>&nbsp;<\/p>\n<p>Sitz der Gesellschaft: Berlin<br \/>\nHR-Nr: HRB 133814 B, Amtsgericht Berlin Charlottenburg<br \/>\nUst. IdNr.: DE 190494186<\/p>\n<p>&nbsp;<\/p>\n<p>CREDITS:<\/p>\n<p><strong>Konzept, Design und technische Umsetzung der Website<\/strong><\/p>\n<p><a href=\"http:\/\/www.twt.de\">TWT Growth GmbH<\/a><\/p>\n<p><a href=\"mailto:welcome@twt.de\">welcome@twt.de<\/a><\/p>\n<p>&nbsp;<\/p>\n<p><strong>Textliche Konzeption und Umsetzung der Website<\/strong><\/p>\n<p><a href=\"https:\/\/pb3c.com\/\" target=\"_blank\" rel=\"noopener noreferrer\">PB3C \u2013 Agentur f\u00fcr Immobilienkommunikation<\/a><br \/>\n<a href=\"mailto:info@pb3c.com\">info@pb3c.com<\/a><\/p>\n<p>&nbsp;<\/p>\n<p><strong>Fotorechte BEOS.net<\/strong><\/p>\n<ul>\n<li>B\u00fcro K\u00f6ln \/ Niederlassung Rhein-Ruhr: Fotograf \u2013 Daniel Welschenbach, interior design: pd raumplan GmbH<\/li>\n<li>BEOS Report 2019 \/ Schwerpunkt Verantwortung: <a href=\"http:\/\/www.elevenfifteen.de\" target=\"_blank\" rel=\"noopener\">elevenfifteen GmbH<\/a><\/li>\n<li>BEOS 25-Jubil\u00e4um: <a href=\"https:\/\/ceeceecreative.com\/\" target=\"_blank\" rel=\"noopener\">Cee Cee Creative<\/a><\/li>\n<li>Meilensteine 2024 \/ Office Hamburg \u201eChilehaus\u201c Er\u00f6ffnungsfeier: Thomas Panzau<\/li>\n<\/ul>\n<p>&nbsp;<\/p>\n<p><strong>Nutzungsrecht an den Inhalten<\/strong><\/p>\n<p>Die Webseiten, ihre Programmierung, Inhalte, Gestaltung und Struktur unterliegen urheber-, marken- und wettbewerbsrechtlichen Schutzrechten. Urheberrechtshinweise und Markenbezeichnungen d\u00fcrfen weder ver\u00e4ndert noch beseitigt werden. Eine Vervielf\u00e4ltigung, Verbreitung, Bereithaltung zum Abruf oder Online-Zug\u00e4nglichmachung (\u00dcbernahme in andere Webseite) unserer Webseiten, des Layouts der Webseiten, ihrer Inhalte (Texte, Bilder, Programme) ganz oder teilweise, in ver\u00e4nderter oder unver\u00e4nderter Form ist nur nach vorheriger schriftlicher Zustimmung zul\u00e4ssig. Lediglich die nicht kommerzielle private Nutzung ist in den Grenzen des Urheberrechtsgesetzes zul\u00e4ssig.<\/p>\n<p>&nbsp;<\/p>\n<p><strong>Haftung f\u00fcr Inhalte \/ Informationen<\/strong><\/p>\n<p>Das Unternehmen BEOS AG sowie Dritte, von denen die BEOS AG Informationen auf der Webseite bereitstellt, \u00fcbernehmen keine Haftung f\u00fcr die Richtigkeit, Vollst\u00e4ndigkeit oder Genauigkeit der Inhalte. Das Unternehmen BEOS AG weist ausdr\u00fccklich darauf hin, dass die in der Webseite bereitgestellten Informationen keine fachliche oder inhaltliche Beratung darstellen. Das Unternehmen BEOS AG haftet daher nicht f\u00fcr direkte oder indirekte Sch\u00e4den einschlie\u00dflich entgangener Gewinne, die einem Nutzer durch die\u00a0Inanspruchnahme des Informations- und Funktionsangebotes dieser Webseite entstehen. Dies gilt insbesondere f\u00fcr ausgewiesene Links (Verbindungen) zu anderen Webseiten, auf die das Unternehmen BEOS AG keinen Einfluss hat und f\u00fcr deren Inhalt die BEOS AG keine Verantwortung tr\u00e4gt. Die Dokumente \/ Informationen k\u00f6nnen durch aktuelle Entwicklungen \u00fcberholt sein, ohne dass die bereitgestellten Dokumente \/ Informationen ge\u00e4ndert wurden. Das Unternehmen BEOS AG \u00fcbernimmt keine Haftung f\u00fcr Verluste, die durch die Verteilung und \/ oder Verwendung dieser Dokumente \/ Informationen verursacht wurden oder die mit der Verteilung \/ Nutzung dieser Dokumente \/ Informationen im Zusammenhang stehen.<\/p>\n<p>Diese Website benutzt Google Analytics, einen Webanalysedienst der Google Inc. (\u201eGoogle\u201c). Google Analytics verwendet sog. \u201eCookies\u201c, Textdateien, die auf Ihrem Computer gespeichert werden und die eine Analyse der Benutzung der Website durch Sie erm\u00f6glichen. Die durch den Cookie erzeugten Informationen \u00fcber Ihre Benutzung dieser Website (einschlie\u00dflich Ihrer IP-Adresse) wird an einen Server von Google in den USA \u00fcbertragen und dort gespeichert. Google wird diese Informationen benutzen, um Ihre Nutzung der Website auszuwerten, um Reports \u00fcber die Websiteaktivit\u00e4ten f\u00fcr die Websitebetreiber zusammenzustellen und um weitere mit der Websitenutzung und der Internetnutzung verbundene Dienstleistungen zu erbringen. Auch wird Google diese Informationen gegebenenfalls an Dritte \u00fcbertragen, sofern dies gesetzlich vorgeschrieben oder soweit Dritte diese Daten im Auftrag von Google verarbeiten. Google wird in keinem Fall Ihre IP-Adresse mit anderen Daten von Google in Verbindung bringen. Sie k\u00f6nnen die Installation der Cookies durch eine entsprechende Einstellung Ihrer Browser Software verhindern; wir weisen Sie jedoch darauf hin, dass Sie in diesem Fall gegebenenfalls nicht s\u00e4mtliche Funktionen dieser Website vollumf\u00e4nglich nutzen k\u00f6nnen. Durch die Nutzung dieser Website erkl\u00e4ren Sie sich mit der Bearbeitung der \u00fcber Sie erhobenen Daten durch Google in der zuvor beschriebenen Art und Weise und zu dem zuvor benannten Zweck einverstanden.<\/p>\n                            <\/div>\n        <\/div>\n    <\/div>\n<\/section>","protected":false},"excerpt":{"rendered":"","protected":false},"author":4,"featured_media":0,"parent":0,"menu_order":0,"comment_status":"closed","ping_status":"closed","template":"","meta":{"_acf_changed":false,"footnotes":""},"class_list":["post-24338","page","type-page","status-publish","hentry"],"acf":{"teaser":"","stage":{"":null,"stage_roofline":"","stage_headline":"","stage_copy":"","stage_image":false,"stage_video":false,"link_type":"internal","link_internal":false,"link_url":"","link_label":"","link_target":"_self"}},"yoast_head":"<!-- This site is optimized with the Yoast SEO plugin v24.9 - https:\/\/yoast.com\/wordpress\/plugins\/seo\/ -->\n<title>Imprint | BEOS AG<\/title>\n<meta name=\"description\" content=\"In the imprint you will find an overview of the contact details, branches and most important contact persons of BEOS AG.\" \/>\n<meta name=\"robots\" content=\"index, follow, max-snippet:-1, max-image-preview:large, max-video-preview:-1\" \/>\n<link rel=\"canonical\" href=\"https:\/\/www.beos.net\/en\/imprint\" \/>\n<meta property=\"og:locale\" content=\"en_US\" \/>\n<meta property=\"og:type\" content=\"article\" \/>\n<meta property=\"og:title\" content=\"Imprint\" \/>\n<meta property=\"og:description\" content=\"In the imprint you will find an overview of the contact details, branches and most important contact persons of BEOS AG.\" \/>\n<meta property=\"og:url\" content=\"https:\/\/www.beos.net\/en\/imprint\" \/>\n<meta property=\"og:site_name\" content=\"BEOS AG\" \/>\n<meta property=\"article:publisher\" content=\"https:\/\/www.facebook.com\/beos.net\" \/>\n<meta property=\"article:modified_time\" content=\"2026-01-14T12:57:22+00:00\" \/>\n<meta property=\"og:image\" content=\"https:\/\/www.beos.net\/app\/uploads\/intern\/Fallback_Social_blue.jpg\" \/>\n\t<meta property=\"og:image:width\" content=\"1200\" \/>\n\t<meta property=\"og:image:height\" content=\"675\" \/>\n\t<meta property=\"og:image:type\" content=\"image\/jpeg\" \/>\n<meta name=\"twitter:card\" content=\"summary_large_image\" \/>\n<meta name=\"twitter:title\" content=\"Imprint\" \/>\n<meta name=\"twitter:site\" content=\"@beostweets\" \/>\n<script type=\"application\/ld+json\" class=\"yoast-schema-graph\">{\"@context\":\"https:\/\/schema.org\",\"@graph\":[{\"@type\":\"Article\",\"@id\":\"https:\/\/www.beos.net\/en\/imprint#article\",\"isPartOf\":{\"@id\":\"https:\/\/www.beos.net\/en\/imprint\"},\"author\":{\"name\":\"Dimitri Buller\",\"@id\":\"https:\/\/www.beos.net\/en#\/schema\/person\/c81d8a5196a3c3fd6c03d251c53228a6\"},\"headline\":\"Imprint\",\"datePublished\":\"2022-09-24T23:02:01+00:00\",\"dateModified\":\"2026-01-14T12:57:22+00:00\",\"mainEntityOfPage\":{\"@id\":\"https:\/\/www.beos.net\/en\/imprint\"},\"wordCount\":1,\"publisher\":{\"@id\":\"https:\/\/www.beos.net\/en#organization\"},\"inLanguage\":\"en-US\"},{\"@type\":\"WebPage\",\"@id\":\"https:\/\/www.beos.net\/en\/imprint\",\"url\":\"https:\/\/www.beos.net\/en\/imprint\",\"name\":\"Imprint | BEOS AG\",\"isPartOf\":{\"@id\":\"https:\/\/www.beos.net\/en#website\"},\"datePublished\":\"2022-09-24T23:02:01+00:00\",\"dateModified\":\"2026-01-14T12:57:22+00:00\",\"description\":\"In the imprint you will find an overview of the contact details, branches and most important contact persons of BEOS AG.\",\"breadcrumb\":{\"@id\":\"https:\/\/www.beos.net\/en\/imprint#breadcrumb\"},\"inLanguage\":\"en-US\",\"potentialAction\":[{\"@type\":\"ReadAction\",\"target\":[\"https:\/\/www.beos.net\/en\/imprint\"]}]},{\"@type\":\"BreadcrumbList\",\"@id\":\"https:\/\/www.beos.net\/en\/imprint#breadcrumb\",\"itemListElement\":[{\"@type\":\"ListItem\",\"position\":1,\"name\":\"Home\",\"item\":\"https:\/\/www.beos.net\/en\"},{\"@type\":\"ListItem\",\"position\":2,\"name\":\"Imprint\"}]},{\"@type\":\"WebSite\",\"@id\":\"https:\/\/www.beos.net\/en#website\",\"url\":\"https:\/\/www.beos.net\/en\",\"name\":\"BEOS AG\",\"description\":\"\",\"publisher\":{\"@id\":\"https:\/\/www.beos.net\/en#organization\"},\"potentialAction\":[{\"@type\":\"SearchAction\",\"target\":{\"@type\":\"EntryPoint\",\"urlTemplate\":\"https:\/\/www.beos.net\/en?s={search_term_string}\"},\"query-input\":{\"@type\":\"PropertyValueSpecification\",\"valueRequired\":true,\"valueName\":\"search_term_string\"}}],\"inLanguage\":\"en-US\"},{\"@type\":\"Organization\",\"@id\":\"https:\/\/www.beos.net\/en#organization\",\"name\":\"BEOS AG\",\"url\":\"https:\/\/www.beos.net\/en\",\"logo\":{\"@type\":\"ImageObject\",\"inLanguage\":\"en-US\",\"@id\":\"https:\/\/www.beos.net\/en#\/schema\/logo\/image\/\",\"url\":\"https:\/\/www.beos.net\/app\/uploads\/intern\/Fallback_Social_blue.jpg\",\"contentUrl\":\"https:\/\/www.beos.net\/app\/uploads\/intern\/Fallback_Social_blue.jpg\",\"width\":1200,\"height\":675,\"caption\":\"BEOS AG\"},\"image\":{\"@id\":\"https:\/\/www.beos.net\/en#\/schema\/logo\/image\/\"},\"sameAs\":[\"https:\/\/www.facebook.com\/beos.net\",\"https:\/\/x.com\/beostweets\",\"https:\/\/www.xing.com\/pages\/beosag\",\"https:\/\/www.linkedin.com\/company\/beos-ag\/\"]},{\"@type\":\"Person\",\"@id\":\"https:\/\/www.beos.net\/en#\/schema\/person\/c81d8a5196a3c3fd6c03d251c53228a6\",\"name\":\"Dimitri Buller\"}]}<\/script>\n<!-- \/ Yoast SEO plugin. -->","yoast_head_json":{"title":"Imprint | BEOS AG","description":"In the imprint you will find an overview of the contact details, branches and most important contact persons of BEOS AG.","robots":{"index":"index","follow":"follow","max-snippet":"max-snippet:-1","max-image-preview":"max-image-preview:large","max-video-preview":"max-video-preview:-1"},"canonical":"https:\/\/www.beos.net\/en\/imprint","og_locale":"en_US","og_type":"article","og_title":"Imprint","og_description":"In the imprint you will find an overview of the contact details, branches and most important contact persons of BEOS AG.","og_url":"https:\/\/www.beos.net\/en\/imprint","og_site_name":"BEOS AG","article_publisher":"https:\/\/www.facebook.com\/beos.net","article_modified_time":"2026-01-14T12:57:22+00:00","og_image":[{"width":1200,"height":675,"url":"https:\/\/www.beos.net\/app\/uploads\/intern\/Fallback_Social_blue.jpg","type":"image\/jpeg"}],"twitter_card":"summary_large_image","twitter_title":"Imprint","twitter_site":"@beostweets","schema":{"@context":"https:\/\/schema.org","@graph":[{"@type":"Article","@id":"https:\/\/www.beos.net\/en\/imprint#article","isPartOf":{"@id":"https:\/\/www.beos.net\/en\/imprint"},"author":{"name":"Dimitri Buller","@id":"https:\/\/www.beos.net\/en#\/schema\/person\/c81d8a5196a3c3fd6c03d251c53228a6"},"headline":"Imprint","datePublished":"2022-09-24T23:02:01+00:00","dateModified":"2026-01-14T12:57:22+00:00","mainEntityOfPage":{"@id":"https:\/\/www.beos.net\/en\/imprint"},"wordCount":1,"publisher":{"@id":"https:\/\/www.beos.net\/en#organization"},"inLanguage":"en-US"},{"@type":"WebPage","@id":"https:\/\/www.beos.net\/en\/imprint","url":"https:\/\/www.beos.net\/en\/imprint","name":"Imprint | BEOS AG","isPartOf":{"@id":"https:\/\/www.beos.net\/en#website"},"datePublished":"2022-09-24T23:02:01+00:00","dateModified":"2026-01-14T12:57:22+00:00","description":"In the imprint you will find an overview of the contact details, branches and most important contact persons of BEOS AG.","breadcrumb":{"@id":"https:\/\/www.beos.net\/en\/imprint#breadcrumb"},"inLanguage":"en-US","potentialAction":[{"@type":"ReadAction","target":["https:\/\/www.beos.net\/en\/imprint"]}]},{"@type":"BreadcrumbList","@id":"https:\/\/www.beos.net\/en\/imprint#breadcrumb","itemListElement":[{"@type":"ListItem","position":1,"name":"Home","item":"https:\/\/www.beos.net\/en"},{"@type":"ListItem","position":2,"name":"Imprint"}]},{"@type":"WebSite","@id":"https:\/\/www.beos.net\/en#website","url":"https:\/\/www.beos.net\/en","name":"BEOS AG","description":"","publisher":{"@id":"https:\/\/www.beos.net\/en#organization"},"potentialAction":[{"@type":"SearchAction","target":{"@type":"EntryPoint","urlTemplate":"https:\/\/www.beos.net\/en?s={search_term_string}"},"query-input":{"@type":"PropertyValueSpecification","valueRequired":true,"valueName":"search_term_string"}}],"inLanguage":"en-US"},{"@type":"Organization","@id":"https:\/\/www.beos.net\/en#organization","name":"BEOS AG","url":"https:\/\/www.beos.net\/en","logo":{"@type":"ImageObject","inLanguage":"en-US","@id":"https:\/\/www.beos.net\/en#\/schema\/logo\/image\/","url":"https:\/\/www.beos.net\/app\/uploads\/intern\/Fallback_Social_blue.jpg","contentUrl":"https:\/\/www.beos.net\/app\/uploads\/intern\/Fallback_Social_blue.jpg","width":1200,"height":675,"caption":"BEOS AG"},"image":{"@id":"https:\/\/www.beos.net\/en#\/schema\/logo\/image\/"},"sameAs":["https:\/\/www.facebook.com\/beos.net","https:\/\/x.com\/beostweets","https:\/\/www.xing.com\/pages\/beosag","https:\/\/www.linkedin.com\/company\/beos-ag\/"]},{"@type":"Person","@id":"https:\/\/www.beos.net\/en#\/schema\/person\/c81d8a5196a3c3fd6c03d251c53228a6","name":"Dimitri Buller"}]}},"_links":{"self":[{"href":"https:\/\/www.beos.net\/en\/wp-json\/wp\/v2\/pages\/24338","targetHints":{"allow":["GET"]}}],"collection":[{"href":"https:\/\/www.beos.net\/en\/wp-json\/wp\/v2\/pages"}],"about":[{"href":"https:\/\/www.beos.net\/en\/wp-json\/wp\/v2\/types\/page"}],"author":[{"embeddable":true,"href":"https:\/\/www.beos.net\/en\/wp-json\/wp\/v2\/users\/4"}],"replies":[{"embeddable":true,"href":"https:\/\/www.beos.net\/en\/wp-json\/wp\/v2\/comments?post=24338"}],"version-history":[{"count":15,"href":"https:\/\/www.beos.net\/en\/wp-json\/wp\/v2\/pages\/24338\/revisions"}],"predecessor-version":[{"id":105551,"href":"https:\/\/www.beos.net\/en\/wp-json\/wp\/v2\/pages\/24338\/revisions\/105551"}],"wp:attachment":[{"href":"https:\/\/www.beos.net\/en\/wp-json\/wp\/v2\/media?parent=24338"}],"curies":[{"name":"wp","href":"https:\/\/api.w.org\/{rel}","templated":true}]}}